{"id":17,"date":"2025-11-30T00:23:10","date_gmt":"2025-11-30T00:23:10","guid":{"rendered":"https:\/\/www.hilgelo.de\/?page_id=17"},"modified":"2025-11-30T00:23:10","modified_gmt":"2025-11-30T00:23:10","slug":"natur-und-outdoor-aktivitaten-rund-um-hilgelo","status":"publish","type":"page","link":"https:\/\/www.hilgelo.de\/?page_id=17","title":{"rendered":"Natur und Outdoor-Aktivit\u00e4ten rund um Hilgelo"},"content":{"rendered":"\n<p>Hilgelos nat\u00fcrliche Sch\u00f6nheit macht es zu einem Paradies f\u00fcr Outdoor-Fans. Eine der besten M\u00f6glichkeiten, die Gegend zu erkunden, ist das Wandern auf einem der vielen Wander- und Radwege, die sich durch die Region schl\u00e4ngeln. Diese Wege f\u00fchren durch \u00fcppige W\u00e4lder, vorbei an malerischen Seen und \u00fcber sanfte H\u00fcgel und bieten die Gelegenheit, Hilgelos vielf\u00e4ltige Flora und Fauna aus n\u00e4chster N\u00e4he zu bewundern. Es ist eine wunderbare M\u00f6glichkeit, dem Alltag zu entfliehen und die Ruhe der Natur zu genie\u00dfen.<\/p>\n\n\n\n<p>F\u00fcr alle, die gerne auf dem Wasser sind, bietet Hilgelo eine gro\u00dfe Auswahl an Wassersportarten. Vom Segeln und Windsurfen \u00fcber Kanufahren bis hin zum Angeln ist f\u00fcr jeden etwas dabei. Die Hilgeloer Meren sind ein beliebter Ort f\u00fcr diese Aktivit\u00e4ten. Mehrere Verleihstationen und Schulen bieten Kurse und Ausr\u00fcstung an. Ob Sie ein erfahrener Wassersportler sind oder einfach nur einen entspannten Tag auf dem Wasser verbringen m\u00f6chten \u2013 Hilgelos Seen bieten die perfekte Kulisse f\u00fcr ein unvergessliches Erlebnis.<\/p>\n\n\n\n<p>Neben Wandern, Radfahren und Wassersport gibt es in Hilgelo zahlreiche weitere Outdoor-Aktivit\u00e4ten zu entdecken. Reiten ist beispielsweise eine beliebte Aktivit\u00e4t, und es gibt mehrere Reitschulen und Reitwege in der Gegend. F\u00fcr Abenteuerlustige bieten sich Kletter- und Abseilenm\u00f6glichkeiten in ausgewiesenen Parks und Zentren an. Ganz gleich, was Sie bevorzugen, die Natur rund um Hilgelo bietet unz\u00e4hlige M\u00f6glichkeiten f\u00fcr Spa\u00df und Abenteuer im Freien.<\/p>\n","protected":false},"excerpt":{"rendered":"<p>Hilgelos nat\u00fcrliche Sch\u00f6nheit macht es zu einem Paradies f\u00fcr Outdoor-Fans. Eine der besten M\u00f6glichkeiten, die Gegend zu erkunden, ist das Wandern auf einem der vielen Wander- und Radwege, die sich durch die Region schl\u00e4ngeln. Diese Wege f\u00fchren durch \u00fcppige W\u00e4lder, vorbei an malerischen Seen und \u00fcber sanfte H\u00fcgel und bieten die Gelegenheit, Hilgelos vielf\u00e4ltige Flora &hellip; <a href=\"https:\/\/www.hilgelo.de\/?page_id=17\" class=\"more-link\">Continue reading <span class=\"screen-reader-text\">Natur und Outdoor-Aktivit\u00e4ten rund um Hilgelo<\/span><\/a><\/p>\n","protected":false},"author":1,"featured_media":0,"parent":0,"menu_order":0,"comment_status":"closed","ping_status":"closed","template":"","meta":{"footnotes":""},"class_list":["post-17","page","type-page","status-publish","hentry"],"_links":{"self":[{"href":"https:\/\/www.hilgelo.de\/index.php?rest_route=\/wp\/v2\/pages\/17","targetHints":{"allow":["GET"]}}],"collection":[{"href":"https:\/\/www.hilgelo.de\/index.php?rest_route=\/wp\/v2\/pages"}],"about":[{"href":"https:\/\/www.hilgelo.de\/index.php?rest_route=\/wp\/v2\/types\/page"}],"author":[{"embeddable":true,"href":"https:\/\/www.hilgelo.de\/index.php?rest_route=\/wp\/v2\/users\/1"}],"replies":[{"embeddable":true,"href":"https:\/\/www.hilgelo.de\/index.php?rest_route=%2Fwp%2Fv2%2Fcomments&post=17"}],"version-history":[{"count":1,"href":"https:\/\/www.hilgelo.de\/index.php?rest_route=\/wp\/v2\/pages\/17\/revisions"}],"predecessor-version":[{"id":19,"href":"https:\/\/www.hilgelo.de\/index.php?rest_route=\/wp\/v2\/pages\/17\/revisions\/19"}],"wp:attachment":[{"href":"https:\/\/www.hilgelo.de\/index.php?rest_route=%2Fwp%2Fv2%2Fmedia&parent=17"}],"curies":[{"name":"wp","href":"https:\/\/api.w.org\/{rel}","templated":true}]}}