{"id":20,"date":"2025-11-30T00:23:45","date_gmt":"2025-11-30T00:23:45","guid":{"rendered":"https:\/\/www.hilgelo.de\/?page_id=20"},"modified":"2025-11-30T00:23:45","modified_gmt":"2025-11-30T00:23:45","slug":"veranstaltungen-und-festivals-in-hilgelo","status":"publish","type":"page","link":"https:\/\/www.hilgelo.de\/?page_id=20","title":{"rendered":"Veranstaltungen und Festivals in Hilgelo"},"content":{"rendered":"\n<p>Hilgelo ist das ganze Jahr \u00fcber Schauplatz verschiedener Veranstaltungen und Feste, die die lebendige Kultur und Gemeinschaft der Stadt feiern. Ein H\u00f6hepunkt ist das allj\u00e4hrliche Hilgeloer Sommerfest, ein viert\u00e4giges Event mit Musik, Kunst, Kulinarik und Unterhaltung. Dieses Fest zieht Besucher aus nah und fern an und bietet eine wunderbare Gelegenheit, Live-Auftritte lokaler und internationaler K\u00fcnstler, Kunstausstellungen, kulinarische K\u00f6stlichkeiten und vieles mehr zu genie\u00dfen. Es ist ein festliches Ereignis, das die Lebendigkeit und Kreativit\u00e4t Hilgelos perfekt widerspiegelt.<\/p>\n\n\n\n<p>Ein weiteres beliebtes Event ist der Hilgeloer Weihnachtsmarkt im Dezember. Dieser traditionelle Markt ist ein zauberhafter Ort, an dem Besucher die festliche Atmosph\u00e4re genie\u00dfen, handgefertigte Geschenke erwerben und k\u00f6stliche Winterleckereien wie Gl\u00fchwein und ger\u00f6stete Kastanien probieren k\u00f6nnen. Der Markt findet in der historischen Altstadt statt, die wundersch\u00f6n mit Lichtern und Dekorationen geschm\u00fcckt ist und so ein unvergessliches Weihnachtserlebnis bietet.<\/p>\n\n\n\n<p>Neben diesen gro\u00dfen Veranstaltungen gibt es das ganze Jahr \u00fcber zahlreiche kleinere, lokale Feste und M\u00e4rkte. Von Bauernm\u00e4rkten und Kunsthandwerksmessen bis hin zu Musik- und Theaterauff\u00fchrungen \u2013 in Hilgelo ist immer etwas los. Diese Veranstaltungen bieten eine hervorragende Gelegenheit, die lokale Kultur und Gemeinschaft besser kennenzulernen und am fr\u00f6hlichen Alltag in Hilgelo teilzuhaben.<\/p>\n","protected":false},"excerpt":{"rendered":"<p>Hilgelo ist das ganze Jahr \u00fcber Schauplatz verschiedener Veranstaltungen und Feste, die die lebendige Kultur und Gemeinschaft der Stadt feiern. Ein H\u00f6hepunkt ist das allj\u00e4hrliche Hilgeloer Sommerfest, ein viert\u00e4giges Event mit Musik, Kunst, Kulinarik und Unterhaltung. Dieses Fest zieht Besucher aus nah und fern an und bietet eine wunderbare Gelegenheit, Live-Auftritte lokaler und internationaler K\u00fcnstler, &hellip; <a href=\"https:\/\/www.hilgelo.de\/?page_id=20\" class=\"more-link\">Continue reading <span class=\"screen-reader-text\">Veranstaltungen und Festivals in Hilgelo<\/span><\/a><\/p>\n","protected":false},"author":1,"featured_media":0,"parent":0,"menu_order":0,"comment_status":"closed","ping_status":"closed","template":"","meta":{"footnotes":""},"class_list":["post-20","page","type-page","status-publish","hentry"],"_links":{"self":[{"href":"https:\/\/www.hilgelo.de\/index.php?rest_route=\/wp\/v2\/pages\/20","targetHints":{"allow":["GET"]}}],"collection":[{"href":"https:\/\/www.hilgelo.de\/index.php?rest_route=\/wp\/v2\/pages"}],"about":[{"href":"https:\/\/www.hilgelo.de\/index.php?rest_route=\/wp\/v2\/types\/page"}],"author":[{"embeddable":true,"href":"https:\/\/www.hilgelo.de\/index.php?rest_route=\/wp\/v2\/users\/1"}],"replies":[{"embeddable":true,"href":"https:\/\/www.hilgelo.de\/index.php?rest_route=%2Fwp%2Fv2%2Fcomments&post=20"}],"version-history":[{"count":1,"href":"https:\/\/www.hilgelo.de\/index.php?rest_route=\/wp\/v2\/pages\/20\/revisions"}],"predecessor-version":[{"id":22,"href":"https:\/\/www.hilgelo.de\/index.php?rest_route=\/wp\/v2\/pages\/20\/revisions\/22"}],"wp:attachment":[{"href":"https:\/\/www.hilgelo.de\/index.php?rest_route=%2Fwp%2Fv2%2Fmedia&parent=20"}],"curies":[{"name":"wp","href":"https:\/\/api.w.org\/{rel}","templated":true}]}}