{"id":23,"date":"2025-11-30T00:24:34","date_gmt":"2025-11-30T00:24:34","guid":{"rendered":"https:\/\/www.hilgelo.de\/?page_id=23"},"modified":"2025-11-30T00:24:34","modified_gmt":"2025-11-30T00:24:34","slug":"tipps-fur-einen-perfekten-besuch-in-hilgelo","status":"publish","type":"page","link":"https:\/\/www.hilgelo.de\/?page_id=23","title":{"rendered":"Tipps f\u00fcr einen perfekten Besuch in Hilgelo"},"content":{"rendered":"\n<p>Damit Sie Ihren Besuch in Hilgelo optimal genie\u00dfen k\u00f6nnen, haben wir hier ein paar Tipps f\u00fcr Sie zusammengestellt, die Ihre Reise so angenehm und unvergesslich wie m\u00f6glich gestalten. Planen Sie Ihre Reise am besten im Voraus und erstellen Sie eine Liste der Sehensw\u00fcrdigkeiten und Aktivit\u00e4ten, die Sie unbedingt sehen m\u00f6chten. Die historische Altstadt, die Seen, die Museen und die Naturparks sind allesamt einen Besuch wert. Nehmen Sie sich daher ausreichend Zeit f\u00fcr die Erkundung.<\/p>\n\n\n\n<p>Buchen Sie Ihre Unterkunft au\u00dferdem fr\u00fchzeitig, insbesondere wenn Sie w\u00e4hrend einer der gro\u00dfen Veranstaltungen oder Festivals reisen m\u00f6chten. Hilgelo bietet eine breite Palette an Unterk\u00fcnften, von gem\u00fctlichen Pensionen bis hin zu Luxushotels. Diese k\u00f6nnen jedoch in der Hochsaison schnell ausgebucht sein. Durch eine fr\u00fchzeitige Buchung sichern Sie sich eine komfortable und g\u00fcnstig gelegene Unterkunft.<\/p>\n\n\n\n<p>Dar\u00fcber hinaus ist es hilfreich, Ihre Reise flexibel zu gestalten, um auch unerwartete Entdeckungen und spontane Abenteuer mitzumachen. Hilgelo hat so viel zu bieten, dass Sie vielleicht sogar neue Orte und Aktivit\u00e4ten entdecken, die Sie urspr\u00fcnglich nicht eingeplant hatten. Ob ein charmantes Caf\u00e9, ein versteckter Wanderweg oder eine lokale Veranstaltung \u2013 es ist immer gut, im Terminkalender etwas Zeit f\u00fcr diese unerwarteten Freuden einzuplanen.<\/p>\n","protected":false},"excerpt":{"rendered":"<p>Damit Sie Ihren Besuch in Hilgelo optimal genie\u00dfen k\u00f6nnen, haben wir hier ein paar Tipps f\u00fcr Sie zusammengestellt, die Ihre Reise so angenehm und unvergesslich wie m\u00f6glich gestalten. Planen Sie Ihre Reise am besten im Voraus und erstellen Sie eine Liste der Sehensw\u00fcrdigkeiten und Aktivit\u00e4ten, die Sie unbedingt sehen m\u00f6chten. Die historische Altstadt, die Seen, &hellip; <a href=\"https:\/\/www.hilgelo.de\/?page_id=23\" class=\"more-link\">Continue reading <span class=\"screen-reader-text\">Tipps f\u00fcr einen perfekten Besuch in Hilgelo<\/span><\/a><\/p>\n","protected":false},"author":1,"featured_media":0,"parent":0,"menu_order":0,"comment_status":"closed","ping_status":"closed","template":"","meta":{"footnotes":""},"class_list":["post-23","page","type-page","status-publish","hentry"],"_links":{"self":[{"href":"https:\/\/www.hilgelo.de\/index.php?rest_route=\/wp\/v2\/pages\/23","targetHints":{"allow":["GET"]}}],"collection":[{"href":"https:\/\/www.hilgelo.de\/index.php?rest_route=\/wp\/v2\/pages"}],"about":[{"href":"https:\/\/www.hilgelo.de\/index.php?rest_route=\/wp\/v2\/types\/page"}],"author":[{"embeddable":true,"href":"https:\/\/www.hilgelo.de\/index.php?rest_route=\/wp\/v2\/users\/1"}],"replies":[{"embeddable":true,"href":"https:\/\/www.hilgelo.de\/index.php?rest_route=%2Fwp%2Fv2%2Fcomments&post=23"}],"version-history":[{"count":1,"href":"https:\/\/www.hilgelo.de\/index.php?rest_route=\/wp\/v2\/pages\/23\/revisions"}],"predecessor-version":[{"id":25,"href":"https:\/\/www.hilgelo.de\/index.php?rest_route=\/wp\/v2\/pages\/23\/revisions\/25"}],"wp:attachment":[{"href":"https:\/\/www.hilgelo.de\/index.php?rest_route=%2Fwp%2Fv2%2Fmedia&parent=23"}],"curies":[{"name":"wp","href":"https:\/\/api.w.org\/{rel}","templated":true}]}}