{"id":26,"date":"2025-11-30T00:25:12","date_gmt":"2025-11-30T00:25:12","guid":{"rendered":"https:\/\/www.hilgelo.de\/?page_id=26"},"modified":"2025-11-30T00:25:12","modified_gmt":"2025-11-30T00:25:12","slug":"unterkunftsmoglichkeiten-in-hilgelo","status":"publish","type":"page","link":"https:\/\/www.hilgelo.de\/?page_id=26","title":{"rendered":"Unterkunftsm\u00f6glichkeiten in Hilgelo"},"content":{"rendered":"\n<p>Hilgelo bietet eine gro\u00dfe Auswahl an Unterk\u00fcnften f\u00fcr jeden Geschmack und jedes Budget. Ob Luxushotel, gem\u00fctliches Bed &amp; Breakfast oder naturnaher Campingplatz \u2013 hier werden Sie f\u00fcndig. Besonders beliebt sind die charmanten Bauernh\u00f6fe mit \u00dcbernachtungsm\u00f6glichkeit, die sich \u00fcber die Landschaft verteilen. Diese Unterk\u00fcnfte bieten ein einzigartiges und authentisches Erlebnis, bei dem Sie die Gastfreundschaft der Einheimischen und die Ruhe des Landlebens genie\u00dfen k\u00f6nnen.<\/p>\n\n\n\n<p>Wer es komfortabler und luxuri\u00f6ser mag, findet im Zentrum von Hilgelo mehrere hochwertige Hotels. Diese Hotels bieten moderne Annehmlichkeiten, exzellenten Service und oft einen atemberaubenden Blick auf die umliegende Natur. Viele verf\u00fcgen zudem \u00fcber Restaurants, Spas und Fitnesscenter und sind somit die perfekte Wahl f\u00fcr einen entspannten und unbeschwerten Aufenthalt.<\/p>\n\n\n\n<p>Auch Campingfans kommen in Hilgelo auf ihre Kosten, denn es gibt zahlreiche Campingpl\u00e4tze und Ferienparks, die sich ideal f\u00fcr einen naturnahen Aufenthalt eignen. Diese Campingpl\u00e4tze bieten verschiedene Annehmlichkeiten, von der Grundausstattung bis hin zu luxuri\u00f6sen Glamping-Optionen, und liegen oft in der N\u00e4he von wundersch\u00f6nen Naturschutzgebieten und Wanderwegen. Es ist eine gro\u00dfartige M\u00f6glichkeit, die Natur zu genie\u00dfen und die nat\u00fcrliche Sch\u00f6nheit Hilgelos hautnah zu erleben.<\/p>\n","protected":false},"excerpt":{"rendered":"<p>Hilgelo bietet eine gro\u00dfe Auswahl an Unterk\u00fcnften f\u00fcr jeden Geschmack und jedes Budget. Ob Luxushotel, gem\u00fctliches Bed &amp; Breakfast oder naturnaher Campingplatz \u2013 hier werden Sie f\u00fcndig. Besonders beliebt sind die charmanten Bauernh\u00f6fe mit \u00dcbernachtungsm\u00f6glichkeit, die sich \u00fcber die Landschaft verteilen. Diese Unterk\u00fcnfte bieten ein einzigartiges und authentisches Erlebnis, bei dem Sie die Gastfreundschaft der &hellip; <a href=\"https:\/\/www.hilgelo.de\/?page_id=26\" class=\"more-link\">Continue reading <span class=\"screen-reader-text\">Unterkunftsm\u00f6glichkeiten in Hilgelo<\/span><\/a><\/p>\n","protected":false},"author":1,"featured_media":0,"parent":0,"menu_order":0,"comment_status":"closed","ping_status":"closed","template":"","meta":{"footnotes":""},"class_list":["post-26","page","type-page","status-publish","hentry"],"_links":{"self":[{"href":"https:\/\/www.hilgelo.de\/index.php?rest_route=\/wp\/v2\/pages\/26","targetHints":{"allow":["GET"]}}],"collection":[{"href":"https:\/\/www.hilgelo.de\/index.php?rest_route=\/wp\/v2\/pages"}],"about":[{"href":"https:\/\/www.hilgelo.de\/index.php?rest_route=\/wp\/v2\/types\/page"}],"author":[{"embeddable":true,"href":"https:\/\/www.hilgelo.de\/index.php?rest_route=\/wp\/v2\/users\/1"}],"replies":[{"embeddable":true,"href":"https:\/\/www.hilgelo.de\/index.php?rest_route=%2Fwp%2Fv2%2Fcomments&post=26"}],"version-history":[{"count":1,"href":"https:\/\/www.hilgelo.de\/index.php?rest_route=\/wp\/v2\/pages\/26\/revisions"}],"predecessor-version":[{"id":28,"href":"https:\/\/www.hilgelo.de\/index.php?rest_route=\/wp\/v2\/pages\/26\/revisions\/28"}],"wp:attachment":[{"href":"https:\/\/www.hilgelo.de\/index.php?rest_route=%2Fwp%2Fv2%2Fmedia&parent=26"}],"curies":[{"name":"wp","href":"https:\/\/api.w.org\/{rel}","templated":true}]}}